{"id":69,"date":"2025-02-22T10:53:43","date_gmt":"2025-02-22T10:53:43","guid":{"rendered":"http:\/\/staging.dr-grueneberger-ouw.de\/?page_id=69"},"modified":"2025-02-24T18:55:53","modified_gmt":"2025-02-24T18:55:53","slug":"69-2","status":"publish","type":"page","link":"https:\/\/dr-grueneberger-ouw.de\/?page_id=69","title":{"rendered":"Datenschutz"},"content":{"rendered":"<p>[et_pb_section fb_built=&#8220;1&#8243; disabled_on=&#8220;off|off|off&#8220; admin_label=&#8220;ganz oben alles Desktop&#8220; _builder_version=&#8220;4.27.2&#8243; _module_preset=&#8220;default&#8220; background_color=&#8220;#FFFFFF&#8220; max_width=&#8220;100%&#8220; max_width_tablet=&#8220;100%&#8220; max_width_phone=&#8220;100%&#8220; max_width_last_edited=&#8220;on|desktop&#8220; module_alignment=&#8220;left&#8220; height_tablet=&#8220;auto&#8220; height_phone=&#8220;auto&#8220; height_last_edited=&#8220;on|desktop&#8220; max_height_tablet=&#8220;&#8220; max_height_phone=&#8220;&#8220; max_height_last_edited=&#8220;on|phone&#8220; custom_margin=&#8220;0px|0px|0px|0px|false|false&#8220; custom_padding=&#8220;0px|0px|0px|0px|false|false&#8220; sticky_position=&#8220;top&#8220; sticky_position_tablet=&#8220;none&#8220; sticky_position_phone=&#8220;none&#8220; sticky_position_last_edited=&#8220;on|desktop&#8220; sticky_offset_top_tablet=&#8220;&#8220; sticky_offset_top_phone=&#8220;&#8220; sticky_offset_top_last_edited=&#8220;on|tablet&#8220; da_disable_devices=&#8220;off|off|off&#8220; border_color_bottom=&#8220;#8bbd2d&#8220; locked=&#8220;off&#8220; global_colors_info=&#8220;{}&#8220; theme_builder_area=&#8220;post_content&#8220; da_is_popup=&#8220;off&#8220; da_exit_intent=&#8220;off&#8220; da_has_close=&#8220;on&#8220; da_alt_close=&#8220;off&#8220; da_dark_close=&#8220;off&#8220; da_not_modal=&#8220;on&#8220; da_is_singular=&#8220;off&#8220; da_with_loader=&#8220;off&#8220; da_has_shadow=&#8220;on&#8220;][et_pb_row column_structure=&#8220;3_4,1_4&#8243; use_custom_gutter=&#8220;on&#8220; custom_padding_last_edited=&#8220;on|desktop&#8220; _builder_version=&#8220;4.27.2&#8243; _module_preset=&#8220;default&#8220; background_color=&#8220;#FFFFFF&#8220; width=&#8220;auto&#8220; max_width=&#8220;1074px&#8220; max_width_tablet=&#8220;&#8220; max_width_phone=&#8220;&#8220; max_width_last_edited=&#8220;on|phone&#8220; module_alignment=&#8220;center&#8220; min_height_tablet=&#8220;&#8220; min_height_phone=&#8220;&#8220; min_height_last_edited=&#8220;on|tablet&#8220; max_height_tablet=&#8220;&#8220; max_height_phone=&#8220;&#8220; max_height_last_edited=&#8220;on|phone&#8220; custom_margin=&#8220;0px|0px|0px|0px|false|false&#8220; custom_margin_tablet=&#8220;&#8220; custom_margin_phone=&#8220;&#8220; custom_margin_last_edited=&#8220;on|phone&#8220; custom_padding=&#8220;0px||0px|0px|false|false&#8220; custom_padding_tablet=&#8220;&#8220; custom_padding_phone=&#8220;&#8220; animation_direction=&#8220;left&#8220; custom_css_main_element=&#8220;display: flex;&#8220; border_color_bottom=&#8220;#E57E00&#8243; global_colors_info=&#8220;{}&#8220; custom_css_main_element_last_edited=&#8220;on|desktop&#8220; custom_css_main_element_tablet=&#8220;display: flex;&#8220; custom_css_main_element_phone=&#8220;display: flex;&#8220; theme_builder_area=&#8220;post_content&#8220;][et_pb_column type=&#8220;3_4&#8243; _builder_version=&#8220;4.27.0&#8243; _module_preset=&#8220;default&#8220; global_colors_info=&#8220;{}&#8220; theme_builder_area=&#8220;post_content&#8220;][et_pb_image src=&#8220;http:\/\/staging.dr-grueneberger-ouw.de\/wp-content\/uploads\/2025\/02\/120727_Logo_Dr_Grueneberger-pdf.jpg&#8220; title_text=&#8220;120727_Logo_Dr_Gru\u0308neberger&#8220; show_bottom_space=&#8220;off&#8220; align_tablet=&#8220;left&#8220; align_phone=&#8220;left&#8220; align_last_edited=&#8220;on|desktop&#8220; disabled_on=&#8220;off|off|off&#8220; admin_label=&#8220;Logo Desktop&#8220; _builder_version=&#8220;4.27.4&#8243; _module_preset=&#8220;default&#8220; background_color=&#8220;#FFFFFF&#8220; width=&#8220;98%&#8220; width_tablet=&#8220;auto&#8220; width_phone=&#8220;auto&#8220; width_last_edited=&#8220;on|phone&#8220; max_width=&#8220;64%&#8220; max_width_tablet=&#8220;100%&#8220; max_width_phone=&#8220;100%&#8220; max_width_last_edited=&#8220;on|tablet&#8220; module_alignment=&#8220;left&#8220; max_height_tablet=&#8220;&#8220; max_height_phone=&#8220;&#8220; max_height_last_edited=&#8220;on|tablet&#8220; custom_margin=&#8220;0px|0px|0px||false|false&#8220; custom_margin_tablet=&#8220;&#8220; custom_margin_phone=&#8220;&#8220; custom_margin_last_edited=&#8220;on|desktop&#8220; custom_padding=&#8220;0px|0px|0px||false|false&#8220; custom_css_main_element=&#8220;display: flex;&#8220; global_colors_info=&#8220;{}&#8220; custom_css_main_element_last_edited=&#8220;on|desktop&#8220; custom_css_main_element_tablet=&#8220;display: flex;&#8220; custom_css_main_element_phone=&#8220;display: flex;&#8220; theme_builder_area=&#8220;post_content&#8220;][\/et_pb_image][\/et_pb_column][et_pb_column type=&#8220;1_4&#8243; _builder_version=&#8220;4.27.0&#8243; _module_preset=&#8220;default&#8220; global_colors_info=&#8220;{}&#8220; theme_builder_area=&#8220;post_content&#8220;][et_pb_blurb image_icon_background_color=&#8220;RGBA(255,255,255,0)&#8220; image_icon_width=&#8220;22px&#8220; icon_placement_tablet=&#8220;top&#8220; icon_placement_phone=&#8220;top&#8220; icon_placement_last_edited=&#8220;on|tablet&#8220; image_icon_width_tablet=&#8220;22px&#8220; image_icon_width_phone=&#8220;22px&#8220; image_icon_width_last_edited=&#8220;on|phone&#8220; icon_alignment_tablet=&#8220;center&#8220; icon_alignment_phone=&#8220;&#8220; icon_alignment_last_edited=&#8220;on|tablet&#8220; admin_label=&#8220;Adresse&#8220; _builder_version=&#8220;4.27.2&#8243; header_font=&#8220;Montserrat||||||||&#8220; header_text_color=&#8220;#000000&#8243; header_line_height=&#8220;2em&#8220; body_font=&#8220;Montserrat|300|||||||&#8220; body_text_color=&#8220;#000000&#8243; body_font_size=&#8220;15px&#8220; body_line_height=&#8220;2em&#8220; image_icon_custom_margin_tablet=&#8220;0px||||false|false&#8220; image_icon_custom_margin_phone=&#8220;&#8220; image_icon_custom_margin_last_edited=&#8220;on|phone&#8220; image_icon_custom_padding=&#8220;8px|8px|8px|8px|false|false&#8220; image_icon_custom_padding_tablet=&#8220;8px|8px|8px|8px|false|false&#8220; image_icon_custom_padding_phone=&#8220;0px|0px|0px|0px|false|false&#8220; image_icon_custom_padding_last_edited=&#8220;on|phone&#8220; text_orientation=&#8220;center&#8220; width=&#8220;98%&#8220; width_tablet=&#8220;50%&#8220; width_phone=&#8220;auto&#8220; width_last_edited=&#8220;on|tablet&#8220; max_width=&#8220;98%&#8220; max_width_tablet=&#8220;50%&#8220; max_width_phone=&#8220;52%&#8220; max_width_last_edited=&#8220;on|tablet&#8220; max_height=&#8220;100px&#8220; max_height_tablet=&#8220;100px&#8220; max_height_phone=&#8220;100px&#8220; max_height_last_edited=&#8220;on|phone&#8220; custom_margin=&#8220;23%|||6px|false|false&#8220; custom_margin_tablet=&#8220;10%||0px||false|false&#8220; custom_margin_phone=&#8220;10%||0px||false|false&#8220; custom_margin_last_edited=&#8220;on|tablet&#8220; custom_padding=&#8220;7px|0px||0px|false|false&#8220; custom_padding_tablet=&#8220;3px|0px|||false|false&#8220; custom_padding_phone=&#8220;|||||false&#8220; custom_padding_last_edited=&#8220;on|phone&#8220; animation_style=&#8220;fade&#8220; animation=&#8220;off&#8220; link_option_url=&#8220;tel:+49-7522-93130&#8243; header_font_size_tablet=&#8220;&#8220; header_font_size_phone=&#8220;16px&#8220; header_font_size_last_edited=&#8220;on|phone&#8220; header_line_height_tablet=&#8220;2em&#8220; header_line_height_phone=&#8220;2em&#8220; header_line_height_last_edited=&#8220;on|phone&#8220; body_text_color_tablet=&#8220;#000000&#8243; body_text_color_phone=&#8220;#000000&#8243; body_text_color_last_edited=&#8220;on|phone&#8220; body_font_size_tablet=&#8220;12px&#8220; body_font_size_phone=&#8220;7px&#8220; body_font_size_last_edited=&#8220;on|phone&#8220; module_alignment_tablet=&#8220;center&#8220; module_alignment_phone=&#8220;center&#8220; module_alignment_last_edited=&#8220;on|phone&#8220; border_radii=&#8220;on|4px|4px|4px|4px&#8220; border_radii_image=&#8220;on|100%|100%|100%|100%&#8220; box_shadow_style=&#8220;preset6&#8243; box_shadow_blur=&#8220;38px&#8220; box_shadow_spread=&#8220;23px&#8220; icon_font_size=&#8220;22px&#8220; use_circle=&#8220;on&#8220; circle_color=&#8220;#c5dfff&#8220; locked=&#8220;off&#8220; global_colors_info=&#8220;{}&#8220; image_icon_background_color__sticky_enabled=&#8220;#7EBEC5&#8243; image_icon_background_color__sticky=&#8220;#7EBEC5&#8243; theme_builder_area=&#8220;post_content&#8220;]<\/p>\n<p><span style=\"color: #161616;\"><a href=\"mailto:team@ortho-wangen.de\" style=\"color: #161616;\"><strong>team@ortho-wangen.de<\/strong> <\/a><\/span><\/p>\n<p><strong>Tel: +49-7522-93130<\/strong><\/p>\n<p>[\/et_pb_blurb][\/et_pb_column][\/et_pb_row][\/et_pb_section][et_pb_section fb_built=&#8220;1&#8243; fullwidth=&#8220;on&#8220; disabled_on=&#8220;off|off|off&#8220; admin_label=&#8220;Header Willkommen Desktop&#8220; _builder_version=&#8220;4.27.2&#8243; _module_preset=&#8220;default&#8220; background_color=&#8220;#8bbd2d&#8220; max_width_last_edited=&#8220;off|desktop&#8220; max_height=&#8220;35px&#8220; max_height_tablet=&#8220;30px&#8220; max_height_phone=&#8220;20px&#8220; max_height_last_edited=&#8220;on|desktop&#8220; custom_margin=&#8220;0px||||false|false&#8220; custom_margin_tablet=&#8220;0px||||false|false&#8220; custom_margin_phone=&#8220;0px||||false|false&#8220; custom_margin_last_edited=&#8220;on|phone&#8220; custom_padding=&#8220;0px||0px||false|false&#8220; top_divider_height_tablet=&#8220;0px&#8220; top_divider_height_phone=&#8220;&#8220; top_divider_height_last_edited=&#8220;on|tablet&#8220; sticky_position=&#8220;top&#8220; module_alignment_tablet=&#8220;&#8220; module_alignment_phone=&#8220;&#8220; module_alignment_last_edited=&#8220;on|desktop&#8220; sticky_position_tablet=&#8220;none&#8220; sticky_position_phone=&#8220;none&#8220; sticky_position_last_edited=&#8220;on|phone&#8220; da_disable_devices=&#8220;off|off|off&#8220; locked=&#8220;off&#8220; global_colors_info=&#8220;{}&#8220; da_is_popup=&#8220;off&#8220; da_exit_intent=&#8220;off&#8220; da_has_close=&#8220;on&#8220; da_alt_close=&#8220;off&#8220; da_dark_close=&#8220;off&#8220; da_not_modal=&#8220;on&#8220; da_is_singular=&#8220;off&#8220; da_with_loader=&#8220;off&#8220; da_has_shadow=&#8220;on&#8220;][et_pb_fullwidth_header title=&#8220;Datenschutzerkl\u00e4rung&#8220; text_orientation=&#8220;right&#8220; disabled_on=&#8220;off|off|off&#8220; _builder_version=&#8220;4.27.2&#8243; _module_preset=&#8220;default&#8220; title_text_color=&#8220;#FFFFFF&#8220; title_font_size=&#8220;20px&#8220; background_color=&#8220;RGBA(255,255,255,0)&#8220; custom_margin=&#8220;0px||||false|false&#8220; custom_margin_tablet=&#8220;0px||||false|false&#8220; custom_margin_phone=&#8220;-3px||0px||false|false&#8220; custom_margin_last_edited=&#8220;on|phone&#8220; custom_padding=&#8220;0px||0px||true|false&#8220; custom_padding_tablet=&#8220;0px||0px||true|false&#8220; custom_padding_phone=&#8220;0px||0px||false|false&#8220; custom_padding_last_edited=&#8220;on|desktop&#8220; title_text_color_tablet=&#8220;#FFFFFF&#8220; title_text_color_phone=&#8220;RGBA(255,255,255,0)&#8220; title_text_color_last_edited=&#8220;on|phone&#8220; title_font_size_tablet=&#8220;13px&#8220; title_font_size_phone=&#8220;5px&#8220; title_font_size_last_edited=&#8220;on|phone&#8220; custom_css_title=&#8220;padding-bottom: 0!important;&#8220; global_colors_info=&#8220;{}&#8220;][\/et_pb_fullwidth_header][\/et_pb_section][et_pb_section fb_built=&#8220;1&#8243; _builder_version=&#8220;4.27.0&#8243; _module_preset=&#8220;default&#8220; da_disable_devices=&#8220;off|off|off&#8220; global_colors_info=&#8220;{}&#8220; da_is_popup=&#8220;off&#8220; da_exit_intent=&#8220;off&#8220; da_has_close=&#8220;on&#8220; da_alt_close=&#8220;off&#8220; da_dark_close=&#8220;off&#8220; da_not_modal=&#8220;on&#8220; da_is_singular=&#8220;off&#8220; da_with_loader=&#8220;off&#8220; da_has_shadow=&#8220;on&#8220;][et_pb_row _builder_version=&#8220;4.27.0&#8243; _module_preset=&#8220;default&#8220; global_colors_info=&#8220;{}&#8220;][et_pb_column type=&#8220;4_4&#8243; _builder_version=&#8220;4.27.0&#8243; _module_preset=&#8220;default&#8220; global_colors_info=&#8220;{}&#8220;][et_pb_blurb _builder_version=&#8220;4.27.0&#8243; _module_preset=&#8220;default&#8220; global_colors_info=&#8220;{}&#8220;]<\/p>\n<p>&nbsp;<\/p>\n<p style=\"text-align: center;\"><strong>DATENSCHUTZERKL\u00c4RUNG<\/strong><\/p>\n<p><strong>1. Datenschutz auf einen Blick<\/strong><\/p>\n<p><span style=\"text-decoration: underline;\">Allgemeine Hinweise<\/span><\/p>\n<p>Die folgenden Hinweise geben einen einfachen \u00dcberblick dar\u00fcber, was mit Ihren personenbezogenen\u00a0Daten passiert, wenn Sie unsere Website besuchen. Personenbezogene Daten sind alle Daten, mit\u00a0denen Sie pers\u00f6nlich identifiziert werden k\u00f6nnen. Ausf\u00fchrliche Informationen zum Thema Datenschutz\u00a0entnehmen Sie unserer unter diesem Text aufgef\u00fchrten Datenschutzerkl\u00e4rung.<\/p>\n<p><span style=\"text-decoration: underline;\">Datenerfassung auf unserer Website<\/span><\/p>\n<p>Wer ist verantwortlich f\u00fcr die Datenerfassung auf dieser Website?\u00a0Die Datenverarbeitung auf dieser Website erfolgt durch den Websitebetreiber. Dessen Kontaktdaten\u00a0k\u00f6nnen Sie dem Impressum dieser Website entnehmen.<\/p>\n<p><span style=\"text-decoration: underline;\">Wie erfassen wir Ihre Daten?<\/span><\/p>\n<p>Ihre Daten werden zum einen dadurch erhoben, dass Sie uns diese mitteilen. Hierbei kann es sich z.B.\u00a0um Daten handeln, die Sie in ein Kontaktformular eingeben. Andere Daten werden automatisch beim\u00a0Besuch der Website durch unsere IT-Systeme erfasst. Das sind vor allem technische Daten (z.B.\u00a0Internetbrowser, Betriebssystem oder Uhrzeit des Seitenaufrufs). Die Erfassung dieser Daten erfolgt\u00a0automatisch, sobald Sie unsere Website betreten.<\/p>\n<p><span style=\"text-decoration: underline;\">Wof\u00fcr nutzen wir Ihre Daten?<\/span><\/p>\n<p>Ein Teil der Daten wird erhoben, um eine fehlerfreie Bereitstellung der Website zu gew\u00e4hrleisten. Andere\u00a0Daten k\u00f6nnen zur Analyse Ihres Nutzerverhaltens verwendet werden.<\/p>\n<p><span style=\"text-decoration: underline;\">Welche Rechte haben Sie bez\u00fcglich Ihrer Daten?<\/span><\/p>\n<p>Sie haben jederzeit das Recht unentgeltlich Auskunft \u00fcber Herkunft, Empf\u00e4nger und Zweck Ihrer\u00a0gespeicherten personenbezogenen Daten zu erhalten. Sie haben au\u00dferdem ein Recht, die Berichtigung,\u00a0Sperrung oder L\u00f6schung dieser Daten zu verlangen. Hierzu sowie zu weiteren Fragen zum Thema\u00a0Datenschutz k\u00f6nnen Sie sich jederzeit unter der im Impressum angegebenen Adresse an uns wenden.\u00a0Desweiteren steht Ihnen ein Beschwerderecht bei der zust\u00e4ndigen Aufsichtsbeh\u00f6rde zu. Au\u00dferdem\u00a0haben Sie das Recht, unter bestimmten Umst\u00e4nden die Einschr\u00e4nkung der Verarbeitung Ihrer\u00a0personenbezogenen Daten zu verlangen. Details hierzu entnehmen Sie der Datenschutzerkl\u00e4rung unter\u00a0\u201eRecht auf Einschr\u00e4nkung der Verarbeitung\u201c.<\/p>\n<p><strong>2. Allgemeine Hinweise und Pflichtinformationen<\/strong><\/p>\n<p><span style=\"text-decoration: underline;\">Datenschutz<\/span><\/p>\n<p>Die Betreiber dieser Seiten nehmen den Schutz Ihrer persnlichen Daten sehr ernst. Wir behandeln Ihre\u00a0personenbezogenen Daten vertraulich und entsprechend der gesetzlichen Datenschutzvorschriften sowie\u00a0dieser Datenschutzerkl\u00e4rung.\u00a0Wenn Sie diese Website benutzen, werden verschiedene personenbezogene Daten erhoben.\u00a0Personenbezogene Daten sind Daten, mit denen Sie pers\u00f6nlich identifiziert werden k\u00f6nnen. Die\u00a0vorliegende Datenschutzerkl\u00e4rung erl\u00e4utert, welche Daten wir erheben und wof\u00fcr wir sie nutzen. Sie\u00a0erl\u00e4utert auch, wie und zu welchem Zweck das geschieht.\u00a0Wir weisen darauf hin, dass die Daten\u00fcbertragung im Internet (z.B. bei der Kommunikation per E-Mail)\u00a0Sicherheitsl\u00fccken aufweisen kann. Ein l\u00fcckenloser Schutz der Daten vor dem Zugriff durch Dritte ist nicht\u00a0m\u00f6glich.<\/p>\n<p><span style=\"text-decoration: underline;\">Hinweis zur verantwortlichen Stelle<\/span><\/p>\n<p><em>Verantwortlich f\u00fcr die Datenverarbeitung ist:<\/em><\/p>\n<p>Orthop\u00e4die und Unfallchirurgie, Dr. Karin Gr\u00fcneberger<\/p>\n<p>Siemensstr. 12, 88239 Wangen<\/p>\n<p>Telefon 07522-93130<\/p>\n<p>team@ortho-wangen.de<\/p>\n<p><em>Sie erreichen die zust\u00e4ndige\/n Datenschutzbeauftragte unter:<\/em><\/p>\n<p>Marie-Luise Sch\u00f6llhorn<\/p>\n<p>Siemensstr. 12, 88239 Wangen<\/p>\n<p>Telefon 07520-93130 marie-luise.schoellhorn@ortho-wangen.de<\/p>\n<p>Verantwortliche Stelle ist die nat\u00fcrliche oder juristische Person, die allein oder gemeinsam mit anderen\u00a0\u00fcber die Zwecke und Mittel der Verarbeitung von personenbezogenen Daten (z.B. Namen, E-Mail-Adressen o.\u00e4.) entscheidet.\u00a0Widerruf Ihrer Einwilligung zur Datenverarbeitung.\u00a0Viele Datenverarbeitungsvorg\u00e4nge sind nur mit Ihrer ausdr\u00fccklichen Einwilligung m\u00f6glich. Sie k\u00f6nnen\u00a0eine bereits erteilte Einwilligung jederzeit widerrufen. Dazu reicht eine formlose Mitteilung per E-Mail\u00a0an uns. Die Rechtm\u00e4\u00dfigkeit der bis zum Widerruf erfolgten Datenverarbeitung bleibt vom Widerruf\u00a0unber\u00fchrt.\u00a0Widerspruchsrecht gegen die Datenerhebung in besonderen F\u00e4llen sowie gegen\u00a0Direktwerbung (Art. 21 DSGVO)\u00a0Wenn die Datenverarbeitung auf Grundlage von Art. 6 Abs. 1 lit. e oder f DSGVO erfolgt, haben Sie\u00a0jederzeit das Recht, aus Gr\u00fcnden, die sich aus Ihrer besonderen Situation ergeben, gegen die\u00a0Verarbeitung Ihrer personenbezogenen Daten Widerspruch einzulegen; dies gilt auch f\u00fcr ein auf diese\u00a0Bestimmungen gest\u00fctztes Profiling. Die jeweilige Rechtsgrundlage, auf denen eine Verarbeitung beruht,\u00a0entnehmen Sie dieser Datenschutzerkl\u00e4rung. Wenn Sie Widerspruch einlegen, werden wir Ihre\u00a0betroffenen personenbezogenen Daten nicht mehr verarbeiten, es sei denn, wir k\u00f6nnen zwingende\u00a0schutzw\u00fcrdige Gr\u00fcnde f\u00fcr die Verarbeitung nachweisen, die Ihre Interessen, Rechte und Freiheiten\u00a0\u00fcberwiegen oder die Verarbeitung dient der Geltendmachung, Aus\u00fcbung oder Verteidigung von\u00a0Rechtsanspr\u00fcchen (Widerspruch nach Art. 21 Abs. 1 DSGVO). Werden Ihre personenbezogenen Daten\u00a0verarbeitet, um Direktwerbung zu betreiben, so haben Sie das Recht, jederzeit Widerspruch gegen die\u00a0Verarbeitung Sie betreffender personenbezogener Daten zum Zwecke derartiger Werbung einzulegen;\u00a0dies gilt auch f\u00fcr das Profiling, soweit es mit solcher Direktwerbung in Verbindung steht. Wenn Sie\u00a0widersprechen, werden Ihre personenbezogenen Daten anschlie\u00dfend nicht mehr zum Zwecke der\u00a0Direktwerbung verwendet (Widerspruch nach Art. 21 Abs. 2 DSGVO).<\/p>\n<p><span style=\"text-decoration: underline;\">Beschwerderecht bei der zust\u00e4ndigen Aufsichtsbeh\u00f6rde<\/span><\/p>\n<p>Im Falle von Verst\u00f6\u00dfen gegen die DSGVO steht den Betroffenen ein Beschwerderecht bei einer\u00a0Aufsichtsbeh\u00f6rde, insbesondere in dem Mitgliedstaat ihres gew\u00f6hnlichen Aufenthalts, ihres\u00a0Arbeitsplatzes oder des Orts des mutma\u00dflichen Versto\u00dfes zu. Das Beschwerderecht besteht\u00a0unbeschadet anderweitiger verwaltungsrechtlicher oder gerichtlicher Rechtsbehelfe.<\/p>\n<p><span style=\"text-decoration: underline;\">Recht auf Daten\u00fcbertragbarkeit<\/span><\/p>\n<p>Sie haben das Recht, Daten, die wir auf Grundlage Ihrer Einwilligung oder in Erf\u00fcllung eines Vertrags\u00a0automatisiert verarbeiten, an sich oder an einen Dritten in einem g\u00e4ngigen, maschinenlesbaren Format\u00a0aush\u00e4ndigen zu lassen. Sofern Sie die direkte \u00dcbertragung der Daten an einen anderen Verantwortlichen\u00a0verlangen, erfolgt dies nur, soweit es technisch machbar ist.<\/p>\n<p><span style=\"text-decoration: underline;\">Auskunft, Sperrung, L\u00f6schung und Berichtigung<\/span><\/p>\n<p>Sie haben im Rahmen der geltenden gesetzlichen Bestimmungen jederzeit das Recht auf unentgeltliche\u00a0Auskunft \u00fcber Ihre gespeicherten personenbezogenen Daten, deren Herkunft und Empf\u00e4nger und den\u00a0Zweck der Datenverarbeitung und ggf. ein Recht auf Berichtigung, Sperrung oder L\u00f6schung dieser\u00a0Daten. Hierzu sowie zu weiteren Fragen zum Thema personenbezogene Daten k\u00f6nnen Sie sich jederzeit\u00a0unter der im Impressum angegebenen Adresse an uns wenden.<\/p>\n<p><span style=\"text-decoration: underline;\">Recht auf Einschr\u00e4nkung der Verarbeitung<\/span><\/p>\n<p>Sie haben das Recht, die Einschr\u00e4nkung der Verarbeitung Ihrer personenbezogenen Daten zu verlangen.\u00a0Hierzu k\u00f6nnen Sie sich jederzeit unter der im Impressum angegebenen Adresse an uns wenden. Das\u00a0Recht auf Einschr\u00e4nkung der Verarbeitung besteht in folgenden F\u00e4llen:\u00a0Wenn Sie die Richtigkeit Ihrer bei uns gespeicherten personenbezogenen Daten bestreiten, ben\u00f6tigen\u00a0wir in der Regel Zeit, um dies zu \u00fcberpr\u00fcfen. F\u00fcr die Dauer der Pr\u00fcfung haben Sie das Recht, die\u00a0Einschr\u00e4nkung der Verarbeitung Ihrer personenbezogenen Daten zu verlangen.\u00a0Wenn die Verarbeitung Ihrer personenbezogenen Daten unrechtm\u00e4\u00dfig geschah \/ geschieht, k\u00f6nnen Sie\u00a0statt der L\u00f6schung die Einschr\u00e4nkung der Datenverarbeitung verlangen.\u00a0Wenn wir Ihre personenbezogenen Daten nicht mehr ben\u00f6tigen, Sie sie jedoch zur Aus\u00fcbung,\u00a0Verteidigung oder Geltendmachung von Rechtsanspr\u00fcchen ben\u00f6tigen, haben Sie das Recht, statt der\u00a0L\u00f6schung die Einschr\u00e4nkung der Verarbeitung Ihrer personenbezogenen Daten zu verlangen.\u00a0Wenn Sie einen Widerspruch nach Art. 21 Abs. 1 DSGVO eingelegt haben, muss eine Abw\u00e4gung\u00a0zwischen Ihren und unseren Interessen vorgenommen werden. Solange noch nicht feststeht, wessen\u00a0Interessen \u00fcberwiegen, haben Sie das Recht, die Einschr\u00e4nkung der Verarbeitung Ihrer personenbezogenen Daten zu verlangen. Wenn Sie die Verarbeitung Ihrer personenbezogenen Daten eingeschr\u00e4nkt\u00a0haben, d\u00fcrfen diese Daten \u2013 von ihrer Speicherung abgesehen \u2013 nur mit Ihrer Einwilligung oder zur\u00a0Geltendmachung, Aus\u00fcbung oder Verteidigung von Rechtsanspr\u00fcchen oder zum Schutz der Rechte\u00a0einer anderen nat\u00fcrlichen oder juristischen Person oder aus Gr\u00fcnden eines wichtigen \u00f6ffentlichen\u00a0Interesses der Europischen Union oder eines Mitgliedstaats verarbeitet werden.<\/p>\n<p><strong>3. Datenerfassung auf unserer Website<\/strong><\/p>\n<p>Anfrage per E-Mail, Telefon oder Telefax.\u00a0Wenn Sie uns per E-Mail, Telefon oder Telefax kontaktieren, wird Ihre Anfrage inklusive aller daraus\u00a0hervorgehenden personenbezogenen Daten (Name, Anfrage) zum Zwecke der Bearbeitung Ihres\u00a0Anliegens bei uns gespeichert und verarbeitet. Diese Daten geben wir nicht ohne Ihre Einwilligung\u00a0weiter. Die Verarbeitung dieser Daten erfolgt auf Grundlage von Art. 6 Abs. 1 lit. b DSGVO, sofern\u00a0Ihre Anfrage mit der Erf\u00fcllung eines Vertrags zusammenh\u00e4ngt oder zur Durchf\u00fchrung vorvertraglicher\u00a0Ma\u00dfnahmen erforderlich ist. In allen \u00fcbrigen F\u00e4llen beruht die Verarbeitung auf Ihrer Einwilligung (Art.\u00a06 Abs. 1 lit. a DSGVO) und \/ oder auf unseren berechtigten Interessen (Art. 6 Abs. 1 lit. f DSGVO),\u00a0da wir ein berechtigtes Interesse an der effektiven Bearbeitung der an uns gerichteten Anfragen haben.\u00a0Die von Ihnen an uns per Kontaktanfragen \u00fcbersandten Daten verbleiben bei uns, bis Sie uns zur\u00a0L\u00f6schung auffordern, Ihre Einwilligung zur Speicherung widerrufen oder der Zweck f\u00fcr die Datenspeicherung entf\u00e4llt (z. B. nach abgeschlossener Bearbeitung Ihres Anliegens). Zwingende gesetzliche\u00a0Bestimmungen \u2013 insbesondere gesetzliche Aufbewahrungsfristen \u2013 bleiben unber\u00fchrt.<\/p>\n<p><strong>4. Plugins und Tools<\/strong><\/p>\n<p><span style=\"text-decoration: underline;\">Google Maps<\/span><\/p>\n<p>Diese Seite nutzt \u00fcber eine API den Kartendienst Google Maps. Anbieterin ist die Google Inc.,\u00a01600 Amphitheatre Parkway Mountain View, CA 94043, USA. Um den Datenschutz auf unserer\u00a0Website zu gew\u00e4hrleisten, ist Google Maps deaktiviert, wenn Sie unsere Webseite das erste Mal\u00a0betreten. Eine direkte Verbindung zu den Servern von Google wird erst hergestellt, wenn Sie Google\u00a0Maps selbstst\u00e4ndig aktivieren (Einwilligung nach Art. 6 Abs. 1 lit. a DSGVO). Auf diese Weise wird\u00a0verhindert, dass Ihre Daten schon beim ersten Betreten der Seite an Google \u00fcbertragen werden.\u00a0Nach der Aktivierung wird Google Maps Ihre IP-Adresse speichern. Diese wird anschlie\u00dfend in der\u00a0Regel an einen Server von Google in den USA \u00fcbertragen und dort gespeichert. Der Anbieter dieser\u00a0Seite hat nach der Aktivierung von Google Maps keinen Einfluss auf diese Daten\u00fcbertragung.\u00a0Mehr Informationen zum Umgang mit Nutzerdaten finden Sie in der Datenschutzerkl\u00e4rung von Google:\u00a0https:\/\/www.google.de\/intl\/de\/policies\/privacy\/.<\/p>\n<p>[\/et_pb_blurb][\/et_pb_column][\/et_pb_row][\/et_pb_section]<\/p>\n","protected":false},"excerpt":{"rendered":"<p>team@ortho-wangen.de Tel: +49-7522-93130&nbsp; DATENSCHUTZERKL\u00c4RUNG 1. Datenschutz auf einen Blick Allgemeine Hinweise Die folgenden Hinweise geben einen einfachen \u00dcberblick dar\u00fcber, was mit Ihren personenbezogenen\u00a0Daten passiert, wenn Sie unsere Website besuchen. Personenbezogene Daten sind alle Daten, mit\u00a0denen Sie pers\u00f6nlich identifiziert werden k\u00f6nnen. Ausf\u00fchrliche Informationen zum Thema Datenschutz\u00a0entnehmen Sie unserer unter diesem Text aufgef\u00fchrten Datenschutzerkl\u00e4rung. Datenerfassung auf unserer [&hellip;]<\/p>\n","protected":false},"author":1,"featured_media":0,"parent":0,"menu_order":0,"comment_status":"closed","ping_status":"closed","template":"","meta":{"_et_pb_use_builder":"on","_et_pb_old_content":"","_et_gb_content_width":"","footnotes":""},"class_list":["post-69","page","type-page","status-publish","hentry"],"_links":{"self":[{"href":"https:\/\/dr-grueneberger-ouw.de\/index.php?rest_route=\/wp\/v2\/pages\/69","targetHints":{"allow":["GET"]}}],"collection":[{"href":"https:\/\/dr-grueneberger-ouw.de\/index.php?rest_route=\/wp\/v2\/pages"}],"about":[{"href":"https:\/\/dr-grueneberger-ouw.de\/index.php?rest_route=\/wp\/v2\/types\/page"}],"author":[{"embeddable":true,"href":"https:\/\/dr-grueneberger-ouw.de\/index.php?rest_route=\/wp\/v2\/users\/1"}],"replies":[{"embeddable":true,"href":"https:\/\/dr-grueneberger-ouw.de\/index.php?rest_route=%2Fwp%2Fv2%2Fcomments&post=69"}],"version-history":[{"count":5,"href":"https:\/\/dr-grueneberger-ouw.de\/index.php?rest_route=\/wp\/v2\/pages\/69\/revisions"}],"predecessor-version":[{"id":165,"href":"https:\/\/dr-grueneberger-ouw.de\/index.php?rest_route=\/wp\/v2\/pages\/69\/revisions\/165"}],"wp:attachment":[{"href":"https:\/\/dr-grueneberger-ouw.de\/index.php?rest_route=%2Fwp%2Fv2%2Fmedia&parent=69"}],"curies":[{"name":"wp","href":"https:\/\/api.w.org\/{rel}","templated":true}]}}