{"id":78,"date":"2025-02-22T10:56:00","date_gmt":"2025-02-22T10:56:00","guid":{"rendered":"http:\/\/staging.dr-grueneberger-ouw.de\/?page_id=78"},"modified":"2025-03-06T18:58:41","modified_gmt":"2025-03-06T18:58:41","slug":"78-2","status":"publish","type":"page","link":"https:\/\/dr-grueneberger-ouw.de\/?page_id=78","title":{"rendered":"Impressum"},"content":{"rendered":"<p>[et_pb_section fb_built=&#8220;1&#8243; disabled_on=&#8220;off|off|off&#8220; admin_label=&#8220;ganz oben alles Desktop&#8220; _builder_version=&#8220;4.27.2&#8243; _module_preset=&#8220;default&#8220; background_color=&#8220;#FFFFFF&#8220; max_width=&#8220;100%&#8220; max_width_tablet=&#8220;100%&#8220; max_width_phone=&#8220;100%&#8220; max_width_last_edited=&#8220;on|desktop&#8220; module_alignment=&#8220;left&#8220; height_tablet=&#8220;auto&#8220; height_phone=&#8220;auto&#8220; height_last_edited=&#8220;on|desktop&#8220; max_height_tablet=&#8220;&#8220; max_height_phone=&#8220;&#8220; max_height_last_edited=&#8220;on|phone&#8220; custom_margin=&#8220;0px|0px|0px|0px|false|false&#8220; custom_padding=&#8220;0px|0px|0px|0px|false|false&#8220; sticky_position=&#8220;top&#8220; sticky_position_tablet=&#8220;none&#8220; sticky_position_phone=&#8220;none&#8220; sticky_position_last_edited=&#8220;on|desktop&#8220; sticky_offset_top_tablet=&#8220;&#8220; sticky_offset_top_phone=&#8220;&#8220; sticky_offset_top_last_edited=&#8220;on|tablet&#8220; da_disable_devices=&#8220;off|off|off&#8220; border_color_bottom=&#8220;#8bbd2d&#8220; locked=&#8220;off&#8220; global_colors_info=&#8220;{}&#8220; da_is_popup=&#8220;off&#8220; da_exit_intent=&#8220;off&#8220; da_has_close=&#8220;on&#8220; da_alt_close=&#8220;off&#8220; da_dark_close=&#8220;off&#8220; da_not_modal=&#8220;on&#8220; da_is_singular=&#8220;off&#8220; da_with_loader=&#8220;off&#8220; da_has_shadow=&#8220;on&#8220;][et_pb_row column_structure=&#8220;3_4,1_4&#8243; use_custom_gutter=&#8220;on&#8220; custom_padding_last_edited=&#8220;on|desktop&#8220; _builder_version=&#8220;4.27.2&#8243; _module_preset=&#8220;default&#8220; background_color=&#8220;#FFFFFF&#8220; width=&#8220;auto&#8220; max_width=&#8220;1074px&#8220; max_width_tablet=&#8220;&#8220; max_width_phone=&#8220;&#8220; max_width_last_edited=&#8220;on|phone&#8220; module_alignment=&#8220;center&#8220; min_height_tablet=&#8220;&#8220; min_height_phone=&#8220;&#8220; min_height_last_edited=&#8220;on|tablet&#8220; max_height_tablet=&#8220;&#8220; max_height_phone=&#8220;&#8220; max_height_last_edited=&#8220;on|phone&#8220; custom_margin=&#8220;0px|0px|0px|0px|false|false&#8220; custom_margin_tablet=&#8220;&#8220; custom_margin_phone=&#8220;&#8220; custom_margin_last_edited=&#8220;on|phone&#8220; custom_padding=&#8220;0px||0px|0px|false|false&#8220; custom_padding_tablet=&#8220;&#8220; custom_padding_phone=&#8220;&#8220; animation_direction=&#8220;left&#8220; custom_css_main_element=&#8220;display: flex;&#8220; border_color_bottom=&#8220;#E57E00&#8243; global_colors_info=&#8220;{}&#8220; custom_css_main_element_last_edited=&#8220;on|desktop&#8220; custom_css_main_element_tablet=&#8220;display: flex;&#8220; custom_css_main_element_phone=&#8220;display: flex;&#8220;][et_pb_column type=&#8220;3_4&#8243; _builder_version=&#8220;4.27.0&#8243; _module_preset=&#8220;default&#8220; global_colors_info=&#8220;{}&#8220;][et_pb_image src=&#8220;http:\/\/staging.dr-grueneberger-ouw.de\/wp-content\/uploads\/2025\/02\/120727_Logo_Dr_Grueneberger-pdf.jpg&#8220; title_text=&#8220;120727_Logo_Dr_Gru\u0308neberger&#8220; show_bottom_space=&#8220;off&#8220; align_tablet=&#8220;left&#8220; align_phone=&#8220;left&#8220; align_last_edited=&#8220;on|desktop&#8220; disabled_on=&#8220;off|off|off&#8220; admin_label=&#8220;Logo Desktop&#8220; _builder_version=&#8220;4.27.4&#8243; _module_preset=&#8220;default&#8220; background_color=&#8220;#FFFFFF&#8220; width=&#8220;98%&#8220; width_tablet=&#8220;auto&#8220; width_phone=&#8220;auto&#8220; width_last_edited=&#8220;on|phone&#8220; max_width=&#8220;64%&#8220; max_width_tablet=&#8220;100%&#8220; max_width_phone=&#8220;100%&#8220; max_width_last_edited=&#8220;on|tablet&#8220; module_alignment=&#8220;left&#8220; max_height_tablet=&#8220;&#8220; max_height_phone=&#8220;&#8220; max_height_last_edited=&#8220;on|tablet&#8220; custom_margin=&#8220;0px|0px|0px||false|false&#8220; custom_margin_tablet=&#8220;&#8220; custom_margin_phone=&#8220;&#8220; custom_margin_last_edited=&#8220;on|desktop&#8220; custom_padding=&#8220;0px|0px|0px||false|false&#8220; custom_css_main_element=&#8220;display: flex;&#8220; global_colors_info=&#8220;{}&#8220; custom_css_main_element_last_edited=&#8220;on|desktop&#8220; custom_css_main_element_tablet=&#8220;display: flex;&#8220; custom_css_main_element_phone=&#8220;display: flex;&#8220;][\/et_pb_image][\/et_pb_column][et_pb_column type=&#8220;1_4&#8243; _builder_version=&#8220;4.27.0&#8243; _module_preset=&#8220;default&#8220; global_colors_info=&#8220;{}&#8220;][et_pb_blurb image_icon_background_color=&#8220;RGBA(255,255,255,0)&#8220; image_icon_width=&#8220;22px&#8220; icon_placement_tablet=&#8220;top&#8220; icon_placement_phone=&#8220;top&#8220; icon_placement_last_edited=&#8220;on|tablet&#8220; image_icon_width_tablet=&#8220;22px&#8220; image_icon_width_phone=&#8220;22px&#8220; image_icon_width_last_edited=&#8220;on|phone&#8220; icon_alignment_tablet=&#8220;center&#8220; icon_alignment_phone=&#8220;&#8220; icon_alignment_last_edited=&#8220;on|tablet&#8220; admin_label=&#8220;Adresse&#8220; _builder_version=&#8220;4.27.2&#8243; header_font=&#8220;Montserrat||||||||&#8220; header_text_color=&#8220;#000000&#8243; header_line_height=&#8220;2em&#8220; body_font=&#8220;Montserrat|300|||||||&#8220; body_text_color=&#8220;#000000&#8243; body_font_size=&#8220;15px&#8220; body_line_height=&#8220;2em&#8220; image_icon_custom_margin_tablet=&#8220;0px||||false|false&#8220; image_icon_custom_margin_phone=&#8220;&#8220; image_icon_custom_margin_last_edited=&#8220;on|phone&#8220; image_icon_custom_padding=&#8220;8px|8px|8px|8px|false|false&#8220; image_icon_custom_padding_tablet=&#8220;8px|8px|8px|8px|false|false&#8220; image_icon_custom_padding_phone=&#8220;0px|0px|0px|0px|false|false&#8220; image_icon_custom_padding_last_edited=&#8220;on|phone&#8220; text_orientation=&#8220;center&#8220; width=&#8220;98%&#8220; width_tablet=&#8220;50%&#8220; width_phone=&#8220;auto&#8220; width_last_edited=&#8220;on|tablet&#8220; max_width=&#8220;98%&#8220; max_width_tablet=&#8220;50%&#8220; max_width_phone=&#8220;52%&#8220; max_width_last_edited=&#8220;on|tablet&#8220; max_height=&#8220;100px&#8220; max_height_tablet=&#8220;100px&#8220; max_height_phone=&#8220;100px&#8220; max_height_last_edited=&#8220;on|phone&#8220; custom_margin=&#8220;23%|||6px|false|false&#8220; custom_margin_tablet=&#8220;10%||0px||false|false&#8220; custom_margin_phone=&#8220;10%||0px||false|false&#8220; custom_margin_last_edited=&#8220;on|tablet&#8220; custom_padding=&#8220;7px|0px||0px|false|false&#8220; custom_padding_tablet=&#8220;3px|0px|||false|false&#8220; custom_padding_phone=&#8220;|||||false&#8220; custom_padding_last_edited=&#8220;on|phone&#8220; animation_style=&#8220;fade&#8220; animation=&#8220;off&#8220; link_option_url=&#8220;tel:+49-7522-93130&#8243; header_font_size_tablet=&#8220;&#8220; header_font_size_phone=&#8220;16px&#8220; header_font_size_last_edited=&#8220;on|phone&#8220; header_line_height_tablet=&#8220;2em&#8220; header_line_height_phone=&#8220;2em&#8220; header_line_height_last_edited=&#8220;on|phone&#8220; body_text_color_tablet=&#8220;#000000&#8243; body_text_color_phone=&#8220;#000000&#8243; body_text_color_last_edited=&#8220;on|phone&#8220; body_font_size_tablet=&#8220;12px&#8220; body_font_size_phone=&#8220;7px&#8220; body_font_size_last_edited=&#8220;on|phone&#8220; module_alignment_tablet=&#8220;center&#8220; module_alignment_phone=&#8220;center&#8220; module_alignment_last_edited=&#8220;on|phone&#8220; border_radii=&#8220;on|4px|4px|4px|4px&#8220; border_radii_image=&#8220;on|100%|100%|100%|100%&#8220; box_shadow_style=&#8220;preset6&#8243; box_shadow_blur=&#8220;38px&#8220; box_shadow_spread=&#8220;23px&#8220; icon_font_size=&#8220;22px&#8220; use_circle=&#8220;on&#8220; circle_color=&#8220;#c5dfff&#8220; locked=&#8220;off&#8220; global_colors_info=&#8220;{}&#8220; image_icon_background_color__sticky_enabled=&#8220;#7EBEC5&#8243; image_icon_background_color__sticky=&#8220;#7EBEC5&#8243;]<\/p>\n<p><span style=\"color: #161616;\"><a href=\"mailto:team@ortho-wangen.de\" style=\"color: #161616;\"><strong>team@ortho-wangen.de<\/strong> <\/a><\/span><\/p>\n<p><strong>Tel: +49-7522-93130<\/strong><\/p>\n<p>[\/et_pb_blurb][\/et_pb_column][\/et_pb_row][\/et_pb_section][et_pb_section fb_built=&#8220;1&#8243; fullwidth=&#8220;on&#8220; disabled_on=&#8220;off|off|off&#8220; admin_label=&#8220;Header Willkommen Desktop&#8220; _builder_version=&#8220;4.27.2&#8243; _module_preset=&#8220;default&#8220; background_color=&#8220;#8bbd2d&#8220; max_width_last_edited=&#8220;off|desktop&#8220; max_height=&#8220;35px&#8220; max_height_tablet=&#8220;30px&#8220; max_height_phone=&#8220;20px&#8220; max_height_last_edited=&#8220;on|desktop&#8220; custom_margin=&#8220;0px||||false|false&#8220; custom_margin_tablet=&#8220;0px||||false|false&#8220; custom_margin_phone=&#8220;0px||||false|false&#8220; custom_margin_last_edited=&#8220;on|phone&#8220; custom_padding=&#8220;0px||0px||false|false&#8220; top_divider_height_tablet=&#8220;0px&#8220; top_divider_height_phone=&#8220;&#8220; top_divider_height_last_edited=&#8220;on|tablet&#8220; sticky_position=&#8220;top&#8220; module_alignment_tablet=&#8220;&#8220; module_alignment_phone=&#8220;&#8220; module_alignment_last_edited=&#8220;on|desktop&#8220; sticky_position_tablet=&#8220;none&#8220; sticky_position_phone=&#8220;none&#8220; sticky_position_last_edited=&#8220;on|phone&#8220; da_disable_devices=&#8220;off|off|off&#8220; locked=&#8220;off&#8220; global_colors_info=&#8220;{}&#8220; da_is_popup=&#8220;off&#8220; da_exit_intent=&#8220;off&#8220; da_has_close=&#8220;on&#8220; da_alt_close=&#8220;off&#8220; da_dark_close=&#8220;off&#8220; da_not_modal=&#8220;on&#8220; da_is_singular=&#8220;off&#8220; da_with_loader=&#8220;off&#8220; da_has_shadow=&#8220;on&#8220;][et_pb_fullwidth_header title=&#8220;Impressum&#8220; text_orientation=&#8220;right&#8220; disabled_on=&#8220;off|off|off&#8220; _builder_version=&#8220;4.27.2&#8243; _module_preset=&#8220;default&#8220; title_text_color=&#8220;#FFFFFF&#8220; title_font_size=&#8220;20px&#8220; background_color=&#8220;RGBA(255,255,255,0)&#8220; custom_margin=&#8220;0px||||false|false&#8220; custom_margin_tablet=&#8220;0px||||false|false&#8220; custom_margin_phone=&#8220;-3px||0px||false|false&#8220; custom_margin_last_edited=&#8220;on|phone&#8220; custom_padding=&#8220;0px||0px||true|false&#8220; custom_padding_tablet=&#8220;0px||0px||true|false&#8220; custom_padding_phone=&#8220;0px||0px||false|false&#8220; custom_padding_last_edited=&#8220;on|desktop&#8220; title_text_color_tablet=&#8220;#FFFFFF&#8220; title_text_color_phone=&#8220;RGBA(255,255,255,0)&#8220; title_text_color_last_edited=&#8220;on|phone&#8220; title_font_size_tablet=&#8220;13px&#8220; title_font_size_phone=&#8220;5px&#8220; title_font_size_last_edited=&#8220;on|phone&#8220; custom_css_title=&#8220;padding-bottom: 0!important;&#8220; global_colors_info=&#8220;{}&#8220;][\/et_pb_fullwidth_header][\/et_pb_section][et_pb_section fb_built=&#8220;1&#8243; _builder_version=&#8220;4.27.0&#8243; _module_preset=&#8220;default&#8220; da_disable_devices=&#8220;off|off|off&#8220; global_colors_info=&#8220;{}&#8220; da_is_popup=&#8220;off&#8220; da_exit_intent=&#8220;off&#8220; da_has_close=&#8220;on&#8220; da_alt_close=&#8220;off&#8220; da_dark_close=&#8220;off&#8220; da_not_modal=&#8220;on&#8220; da_is_singular=&#8220;off&#8220; da_with_loader=&#8220;off&#8220; da_has_shadow=&#8220;on&#8220;][et_pb_row _builder_version=&#8220;4.27.0&#8243; _module_preset=&#8220;default&#8220; global_colors_info=&#8220;{}&#8220;][et_pb_column type=&#8220;4_4&#8243; _builder_version=&#8220;4.27.0&#8243; _module_preset=&#8220;default&#8220; global_colors_info=&#8220;{}&#8220;][et_pb_blurb _builder_version=&#8220;4.27.4&#8243; _module_preset=&#8220;default&#8220; global_colors_info=&#8220;{}&#8220;]<\/p>\n<p><strong><span style=\"text-decoration: underline;\">Impressum<\/span><\/strong><\/p>\n<p><strong>Praxis f\u00fcr Orthop\u00e4die und Unfallchirurgie<\/strong><br \/><strong>Dr. Karin Gr\u00fcneberger<\/strong><br \/><strong>Siemensstr. 12<\/strong><br \/><strong>88239 Wangen<\/strong><\/p>\n<p><span style=\"text-decoration: underline;\">Rechtsform:<\/span><br \/>Gesellschaft b\u00fcrgerlichen Rechts (GbR)<\/p>\n<p><span style=\"text-decoration: underline;\">Berufsbezeichnung Dr. med. Karin Gr\u00fcneberer:<\/span><br \/>Die Approbation wurde durch die Bundesrepublik Deutschland erteilt.<\/p>\n<p>FAX: 07522-931313<br \/>email: <a href=\"mailto:team@ortho-wangen.de\">team@ortho-wangen.de<\/a><\/p>\n<p>Internet: <a href=\"http:\/\/www.dr-grueneberger-ouw.de\">www.dr-grueneberger-ouw.de<\/a><\/p>\n<p><span style=\"text-decoration: underline;\">Verantwortlich im Sinne von \u00a755 Rundfunkstaatsvertrag (RStV):<\/span><br \/>Dr. med. Karin Gr\u00fcneberger<br \/>Siemensstr. 12<br \/>88239 Wangen<\/p>\n<p><span style=\"text-decoration: underline;\">Datenbeauftragte:<\/span><br \/>Marie-Luise Sch\u00f6llhorn<\/p>\n<p><span style=\"text-decoration: underline;\">Webhosting:<\/span><br \/><a href=\"https:\/\/www.dogado.de\">https:\/\/www.dogado.de<\/a><\/p>\n<p><span style=\"text-decoration: underline;\">Hygienebeauftragte \u00c4rztin:<\/span><br \/>Dr. Karin Gr\u00fcneberger<\/p>\n<p><span style=\"text-decoration: underline;\">Gestaltung:<\/span><br \/>Dr. Patrick Suntheim<\/p>\n<p><span style=\"text-decoration: underline;\">Haftungshinweis:<\/span><br \/>F\u00fcr den Inhalt der verlinkten Seiten sind ausschlie\u00dflich deren Betreiber verantwortlich.<\/p>\n<p>&nbsp;<\/p>\n<p><span style=\"text-decoration: underline;\">Zust\u00e4ndige Landes\u00e4rztekammer<\/span><\/p>\n<p>Landes\u00e4rztekammer Baden-W\u00fcrttemberg, Bezirks\u00e4rztekammer S\u00fcdw\u00fcrttemberg<\/p>\n<p>Haldenhaustra\u00dfe 11, 72770 Reutlingen<\/p>\n<p>&nbsp;<\/p>\n<p><span style=\"text-decoration: underline;\">Zust\u00e4ndige Kassen\u00e4rztliche Vereinigung<\/span><\/p>\n<p>Kassen\u00e4rztliche Vereinigung Baden-W\u00fcrttemberg<\/p>\n<p>Haldenhaustra\u00dfe 11, 72770 Reutlingen<\/p>\n<p>&nbsp;<\/p>\n<p>Heilberufe-Kammergesetz Baden-W\u00fcrttemberg<\/p>\n<p><a href=\"http:\/\/www.aerztekammer-bw.de\/10aerzte\/40merkblaetter\/20recht\/10gesetze\/kammergesetz.pdf\">http:\/\/www.aerztekammer-bw.de\/10aerzte\/40merkblaetter\/20recht\/10gesetze\/kammergesetz.pdf<\/a><\/p>\n<p>&nbsp;<\/p>\n<p>Berufsordnung der Landes\u00e4rztekammer Baden-W\u00fcrttemberg<\/p>\n<p><a href=\"http:\/\/www.aerztekammer-bw.de\/10aerzte\/40merkblaetter\/20recht\/05kammerrecht\/bo.pdf\">http:\/\/www.aerztekammer-bw.de\/10aerzte\/40merkblaetter\/20recht\/05kammerrecht\/bo.pdf<\/a><\/p>\n<p>&nbsp;<\/p>\n<p>Bundes\u00e4rzteordnung (B\u00c4O)<\/p>\n<p><a href=\"http:\/\/www.gesetze-im-internet.de\/b_o\/BJNR018570961.html\">http:\/\/www.gesetze-im-internet.de\/b_o\/BJNR018570961.html<\/a><\/p>\n<p>&nbsp;<\/p>\n<p>&nbsp;<\/p>\n<p>[\/et_pb_blurb][\/et_pb_column][\/et_pb_row][\/et_pb_section]<\/p>\n","protected":false},"excerpt":{"rendered":"<p>team@ortho-wangen.de Tel: +49-7522-93130Impressum Praxis f\u00fcr Orthop\u00e4die und UnfallchirurgieDr. Karin Gr\u00fcnebergerSiemensstr. 1288239 Wangen Rechtsform:Gesellschaft b\u00fcrgerlichen Rechts (GbR) Berufsbezeichnung Dr. med. Karin Gr\u00fcneberer:Die Approbation wurde durch die Bundesrepublik Deutschland erteilt. FAX: 07522-931313email: team@ortho-wangen.de Internet: www.dr-grueneberger-ouw.de Verantwortlich im Sinne von \u00a755 Rundfunkstaatsvertrag (RStV):Dr. med. Karin Gr\u00fcnebergerSiemensstr. 1288239 Wangen Datenbeauftragte:Marie-Luise Sch\u00f6llhorn Webhosting:https:\/\/www.dogado.de Hygienebeauftragte \u00c4rztin:Dr. Karin Gr\u00fcneberger Gestaltung:Dr. Patrick Suntheim [&hellip;]<\/p>\n","protected":false},"author":1,"featured_media":0,"parent":0,"menu_order":0,"comment_status":"closed","ping_status":"closed","template":"","meta":{"_et_pb_use_builder":"on","_et_pb_old_content":"","_et_gb_content_width":"","footnotes":""},"class_list":["post-78","page","type-page","status-publish","hentry"],"_links":{"self":[{"href":"https:\/\/dr-grueneberger-ouw.de\/index.php?rest_route=\/wp\/v2\/pages\/78","targetHints":{"allow":["GET"]}}],"collection":[{"href":"https:\/\/dr-grueneberger-ouw.de\/index.php?rest_route=\/wp\/v2\/pages"}],"about":[{"href":"https:\/\/dr-grueneberger-ouw.de\/index.php?rest_route=\/wp\/v2\/types\/page"}],"author":[{"embeddable":true,"href":"https:\/\/dr-grueneberger-ouw.de\/index.php?rest_route=\/wp\/v2\/users\/1"}],"replies":[{"embeddable":true,"href":"https:\/\/dr-grueneberger-ouw.de\/index.php?rest_route=%2Fwp%2Fv2%2Fcomments&post=78"}],"version-history":[{"count":15,"href":"https:\/\/dr-grueneberger-ouw.de\/index.php?rest_route=\/wp\/v2\/pages\/78\/revisions"}],"predecessor-version":[{"id":180,"href":"https:\/\/dr-grueneberger-ouw.de\/index.php?rest_route=\/wp\/v2\/pages\/78\/revisions\/180"}],"wp:attachment":[{"href":"https:\/\/dr-grueneberger-ouw.de\/index.php?rest_route=%2Fwp%2Fv2%2Fmedia&parent=78"}],"curies":[{"name":"wp","href":"https:\/\/api.w.org\/{rel}","templated":true}]}}